{"id":10,"date":"2019-04-30T22:43:14","date_gmt":"2019-04-30T20:43:14","guid":{"rendered":"https:\/\/mcnservices.fr\/?page_id=10"},"modified":"2021-12-12T19:14:19","modified_gmt":"2021-12-12T18:14:19","slug":"contact","status":"publish","type":"page","link":"https:\/\/mcnservices.fr\/?page_id=10","title":{"rendered":"Contact"},"content":{"rendered":"<p>MCN Services<\/p>\n<p>Mat\u00e9riels Conseils Nettoyage Services<\/p>\n<p>ZAC Les Min\u00e9es<\/p>\n<p>7 Rue des Min\u00e9es<\/p>\n<p>44640 CHEIX EN RETZ<\/p>\n<p>contact@mcnservices.fr<\/p>\n<p>+33 6 30 96 59 36<\/p>\n","protected":false},"excerpt":{"rendered":"<p>MCN Services Mat\u00e9riels Conseils Nettoyage Services ZAC Les Min\u00e9es 7 Rue des Min\u00e9es 44640 CHEIX EN RETZ contact@mcnservices.fr +33 6 30 96 59 36<\/p>\n","protected":false},"author":1,"featured_media":0,"parent":0,"menu_order":0,"comment_status":"closed","ping_status":"closed","template":"","meta":{"footnotes":""},"class_list":["post-10","page","type-page","status-publish","hentry"],"_links":{"self":[{"href":"https:\/\/mcnservices.fr\/index.php?rest_route=\/wp\/v2\/pages\/10","targetHints":{"allow":["GET"]}}],"collection":[{"href":"https:\/\/mcnservices.fr\/index.php?rest_route=\/wp\/v2\/pages"}],"about":[{"href":"https:\/\/mcnservices.fr\/index.php?rest_route=\/wp\/v2\/types\/page"}],"author":[{"embeddable":true,"href":"https:\/\/mcnservices.fr\/index.php?rest_route=\/wp\/v2\/users\/1"}],"replies":[{"embeddable":true,"href":"https:\/\/mcnservices.fr\/index.php?rest_route=%2Fwp%2Fv2%2Fcomments&post=10"}],"version-history":[{"count":3,"href":"https:\/\/mcnservices.fr\/index.php?rest_route=\/wp\/v2\/pages\/10\/revisions"}],"predecessor-version":[{"id":61,"href":"https:\/\/mcnservices.fr\/index.php?rest_route=\/wp\/v2\/pages\/10\/revisions\/61"}],"wp:attachment":[{"href":"https:\/\/mcnservices.fr\/index.php?rest_route=%2Fwp%2Fv2%2Fmedia&parent=10"}],"curies":[{"name":"wp","href":"https:\/\/api.w.org\/{rel}","templated":true}]}}