{"id":9,"date":"2019-04-30T22:43:14","date_gmt":"2019-04-30T20:43:14","guid":{"rendered":"https:\/\/mcnservices.fr\/?page_id=9"},"modified":"2019-10-15T22:02:42","modified_gmt":"2019-10-15T20:02:42","slug":"a-propos-de","status":"publish","type":"page","link":"https:\/\/mcnservices.fr\/","title":{"rendered":"\u00c0 propos de"},"content":{"rendered":"<p>Apr\u00e8s 20 ans d&rsquo;exp\u00e9rience pass\u00e9s dans le domaine de la conception, la fabrication et l&rsquo;entretien de mat\u00e9riel de nettoyage, j&rsquo;ai fond\u00e9 la soci\u00e9t\u00e9 MCN SERVICES en 2019.<\/p>\n<p>MCN SERVICES est en mesure de vous proposer une gamme de :<\/p>\n<ul>\n<li>Nettoyeurs moyenne pression en poste fixe ou mobile<\/li>\n<li>Satellites fixes ou mobiles<\/li>\n<li>Centrales moyenne pression avec pompes multicellulaires<\/li>\n<li>Canons \u00e0 mousse et pulv\u00e9risateurs<\/li>\n<li>Brumisateurs<\/li>\n<li>Chariots avec enrouleur \/ portes-bidons \/ support tuyau \/ panier EPI.<\/li>\n<li>Syst\u00e8mes d&rsquo;automatisation du nettoyage<\/li>\n<\/ul>\n<p>MCN SERVICES propose aussi une tr\u00e8s large gamme d&rsquo;accessoires adapt\u00e9s \u00e0 votre mat\u00e9riel et surtout \u00e0 vos besoins.<\/p>\n<p>MCN SERVICES peut vous fournir en pi\u00e8ces d\u00e9tach\u00e9es ELPRESS et CAT PUMPS.<\/p>\n<p>MCN SERVICES r\u00e9pare et stock des pi\u00e8ces uniquement pour l&rsquo;ensemble du mat\u00e9riel fabriqu\u00e9 et vendu.<\/p>\n\n\n<p><\/p>\n","protected":false},"excerpt":{"rendered":"<p>Apr\u00e8s 20 ans d&rsquo;exp\u00e9rience pass\u00e9s dans le domaine de la conception, la fabrication et l&rsquo;entretien de mat\u00e9riel de nettoyage, j&rsquo;ai fond\u00e9 la soci\u00e9t\u00e9 MCN SERVICES en 2019. MCN SERVICES est en mesure de vous proposer une gamme de : Nettoyeurs moyenne pression en poste fixe ou mobile Satellites fixes ou mobiles Centrales moyenne pression avec &hellip; <\/p>\n<p class=\"link-more\"><a href=\"https:\/\/mcnservices.fr\/\" class=\"more-link\">Continuer la lecture<span class=\"screen-reader-text\"> de &laquo;&nbsp;\u00c0 propos de&nbsp;&raquo;<\/span><\/a><\/p>\n","protected":false},"author":1,"featured_media":0,"parent":0,"menu_order":0,"comment_status":"closed","ping_status":"closed","template":"","meta":{"footnotes":""},"class_list":["post-9","page","type-page","status-publish","hentry"],"_links":{"self":[{"href":"https:\/\/mcnservices.fr\/index.php?rest_route=\/wp\/v2\/pages\/9","targetHints":{"allow":["GET"]}}],"collection":[{"href":"https:\/\/mcnservices.fr\/index.php?rest_route=\/wp\/v2\/pages"}],"about":[{"href":"https:\/\/mcnservices.fr\/index.php?rest_route=\/wp\/v2\/types\/page"}],"author":[{"embeddable":true,"href":"https:\/\/mcnservices.fr\/index.php?rest_route=\/wp\/v2\/users\/1"}],"replies":[{"embeddable":true,"href":"https:\/\/mcnservices.fr\/index.php?rest_route=%2Fwp%2Fv2%2Fcomments&post=9"}],"version-history":[{"count":7,"href":"https:\/\/mcnservices.fr\/index.php?rest_route=\/wp\/v2\/pages\/9\/revisions"}],"predecessor-version":[{"id":60,"href":"https:\/\/mcnservices.fr\/index.php?rest_route=\/wp\/v2\/pages\/9\/revisions\/60"}],"wp:attachment":[{"href":"https:\/\/mcnservices.fr\/index.php?rest_route=%2Fwp%2Fv2%2Fmedia&parent=9"}],"curies":[{"name":"wp","href":"https:\/\/api.w.org\/{rel}","templated":true}]}}